{"id":5727,"date":"2015-03-03T08:52:06","date_gmt":"2015-03-03T08:52:06","guid":{"rendered":"https:\/\/new.melinamercourifoundation.com\/?page_id=5727"},"modified":"2023-03-20T11:19:33","modified_gmt":"2023-03-20T11:19:33","slug":"commissions-abroad","status":"publish","type":"page","link":"https:\/\/melinamercourifoundation.com\/en\/commissions-abroad\/","title":{"rendered":"Commissions abroad"},"content":{"rendered":"<p><strong><em>Australia<\/em><\/strong><\/p>\n<ol>\n<li><strong> Australian Parthenon Association Inc.<\/strong><\/li>\n<\/ol>\n<p><em>President<\/em>: David Hill<\/p>\n<p>Honorary chair-founder of IARPS<\/p>\n<p>E-mail: <a href=\"mailto:davidhill04@optusnet.com.au\">davidhill04@optusnet.com.au<\/a><\/p>\n<p><em>Secretary<\/em>: StergitsaZamagias-Hill<\/p>\n<p>E-mail: <a href=\"mailto:stegshill3@gmail.com\">stegshill3@gmail.com<\/a><\/p>\n<p><em>Parthenon Sculptures blog site<\/em>: <a href=\"http:\/\/parthenonsculptures.blogspot.com\/\">http:\/\/parthenonsculptures.blogspot.com\/<\/a><\/p>\n<ol start=\"2\">\n<li><strong> International Organizing Committee \u2013 Australia \u2013 for the Restitution of the Parthenon Marbles Inc. (IOC-A-RPM)<\/strong><\/li>\n<\/ol>\n<p><em>Founder &amp; chair<\/em>: Emanuel Comino am<\/p>\n<p>Vice president of IARPS<\/p>\n<p>E-mail: <a href=\"mailto:emanuel@alfainsurance.com.au\">emanuel@alfainsurance.com.au<\/a><\/p>\n<p><em>Secretary<\/em>: Irene FAROS<\/p>\n<p>E-mail: <a href=\"mailto:restitutionaustralia@gmail.com\">restitutionaustralia@gmail.com<\/a><\/p>\n<p><em>Website<\/em>: <a href=\"http:\/\/www.parthenonmarblesaustralia.org.au\/\">http:\/\/www.parthenonmarblesaustralia.org.au\/<\/a><\/p>\n<p><em>Facebook Page<\/em>: Restitution of the Parthenon Marbles \u2013 Australia<\/p>\n<p>&nbsp;<\/p>\n<p><strong><em>Austria<\/em><\/strong><\/p>\n<p><strong>Austrian Committee for the Return of the Parthenon Sculptures<\/strong><strong> \u2013<\/strong><\/p>\n<p><strong>\u00d6sterreichisches Komitee f\u00fcr die R\u00fcckgabe der Parthenon Skulpturen<\/strong><\/p>\n<p><em>Founder &amp; chair<\/em>: Mag. Alexandra Pistofidou<\/p>\n<p>E-mail: <a href=\"mailto:alexpistofidou@gmail.com\">alexpistofidou@gmail.com<\/a><\/p>\n<p>Tel.: + 43 699 153 70 219<\/p>\n<p><em>Secretary &amp; treasurer<\/em>: Dipl.-Ing. Nikola Ru\u017ei\u010di\u0107<\/p>\n<p>E-mail: <a href=\"mailto:nikolaruzicic@gmail.com\">nikolaruzicic@gmail.com<\/a><\/p>\n<p><em>Facebook Page<\/em>: Parthenon_AT<\/p>\n<p><em>Instagram<\/em>: parthenon_skulpturen<\/p>\n<p>&nbsp;<\/p>\n<p><strong><em>Azerbaijan<\/em><\/strong><\/p>\n<p><strong>Azerbaijani Committee for the Reunification of the Parthenon Sculptures<\/strong><\/p>\n<p><em>President&amp; contact<\/em>: FaridNabili<\/p>\n<p>E-mail: <a href=\"mailto:f.nabili@\">f.nabili@<\/a>caspianlegalcenter.az<\/p>\n<p>Tel: + 994 50 289 89 73<\/p>\n<p><em>Secretary<\/em>: GunelNabili<\/p>\n<p>&nbsp;<\/p>\n<p><strong><em>Belgium<\/em><\/strong><\/p>\n<p><strong>Belgian Committee for the Reunification of the Parthenon Sculptures (BCRPS) \u2013<\/strong><\/p>\n<p><strong>Comit\u00e9 belge pour la R\u00e9unification des Sculptures du Parth\u00e9non<\/strong><\/p>\n<p><strong>Belgisch Comit\u00e9 voor de Hereniging van de Parthenon Sculpturen<\/strong><\/p>\n<p><em>President<\/em>: Dr Christiane (Kris) Tytgat<\/p>\n<p>President of IARPS<\/p>\n<p>E-mail: <a href=\"mailto:kris.tytgat@hotmail.com\">kris.tytgat@hotmail.com<\/a><\/p>\n<p><em>Honorary president-founder<\/em>: Fran\u00e7ois Roelants du Vivier<\/p>\n<p>Honorary Senator<\/p>\n<p>E-mail: <a href=\"mailto:frvivier@me.com\">frvivier@me.com<\/a><\/p>\n<p><em>Contact<\/em>: <a href=\"mailto:belcomrps@gmail.com\">belcomrps@gmail.com<\/a><\/p>\n<p><em>Facebook Page<\/em>: <a href=\"http:\/\/www.facebook.com\/@parthenonsculpturesreunitedbelgium\">www.facebook.com\/@parthenonsculpturesreunitedbelgium<\/a><\/p>\n<p><em>Twitter<\/em>: @BelcomReunifi1<\/p>\n<p>&nbsp;<\/p>\n<p><strong><em>Brazil<\/em><\/strong><\/p>\n<p><strong>Brazilian Committee for the Reunification of the Parthenon Sculptures<\/strong><\/p>\n<p><em>Honorary <\/em>President: JacynthoLinsBrand\u00e3o<\/p>\n<p>President: Professor Tereza Virginia Ribeiro Barbosa<\/p>\n<p>E-mail: <a href=\"mailto:virginiarb@yahoo.com.br\">virginiarb@yahoo.com.br<\/a><\/p>\n<p><em>Vice-president &amp; contact<\/em>: Professor Dr Celina F. Lage<\/p>\n<p>E-mail: <a href=\"mailto:celinalage@gmail.com\">celinalage@gmail.com<\/a><\/p>\n<p><em>Contact<\/em>: <a href=\"mailto:partenonbr@gmail.com\">partenonbr@gmail.com<\/a>; <a href=\"mailto:celinalage@gmail.com\">celinalage@gmail.com<\/a><\/p>\n<p><em>Website<\/em>: <a href=\"http:\/\/www.esculturasdopartenonbr.gr.eu.org\">http:\/\/www.esculturasdopartenonbr.gr.eu.org<\/a><\/p>\n<p>&nbsp;<\/p>\n<p><strong><em>Canada<\/em><\/strong><\/p>\n<p><strong>Canadian Committee for the Restitution of the Parthenon Marbles<\/strong><\/p>\n<p><em>Chair<\/em>: Honorary Steve Ashton<\/p>\n<p>E-mail: <a href=\"mailto:steveashtonmla@hotmail.com\">steveashtonmla@hotmail.com<\/a><\/p>\n<p>Tel.: + 1 204 945 4067<\/p>\n<p>&nbsp;<\/p>\n<p><strong><em>Cyprus<\/em><\/strong><\/p>\n<p><strong>Cypriot Committee for the Return of the Parthenon Marbles<\/strong><\/p>\n<p><em>Chair<\/em>: Anna Marangou<\/p>\n<p>Archaeologist<\/p>\n<p>E-mail: <a href=\"mailto:marangoua@cytanet.com.cy\">marangoua@cytanet.com.cy<\/a><\/p>\n<p>Tel.: + 3577625751<\/p>\n<p><em>Vice-chair<\/em>: Marina Schiza<\/p>\n<p>&nbsp;<\/p>\n<p><strong><em>Finland<\/em><\/strong><\/p>\n<p><strong>The Finnish Committee for the Restitution of the Parthenon Marbles \u2013<\/strong><\/p>\n<p><strong>Parthenonin veistosten palauttamiskomitea-yhdistys<\/strong><\/p>\n<p><em>Chair<\/em>: Jari Niemel\u00e4<\/p>\n<p>Journalist<\/p>\n<p>E-mail: <a href=\"mailto:barbajniemela@gmail.com\">barbajniemela@gmail.com<\/a><\/p>\n<p><em>Vice-chair<\/em>: Mika Kajava<\/p>\n<p>Professor of Greek language and literature<\/p>\n<p>&nbsp;<\/p>\n<p><strong><em>France<\/em><\/strong><\/p>\n<p><strong>French Committee for the Reunification of the Parthenon Sculptures<\/strong><\/p>\n<p><strong>Comit\u00e9 fran\u00e7ais pour la R\u00e9unification des Sculptures du Parth\u00e9non<\/strong><\/p>\n<p><em>Chair<\/em>: Professor H\u00e9l\u00e8ne Ahrweiler<\/p>\n<p>Former president of the European Cultural Centre of Delphi<\/p>\n<p><em>Vice-chair<\/em>: Donatella Andreani<\/p>\n<p>E-mail: <a href=\"mailto:monterido75@gmail.com\">monterido75@gmail.com<\/a><\/p>\n<p>&nbsp;<\/p>\n<p><strong><em>Italy<\/em><\/strong><\/p>\n<p><strong>Italian Committee for the Reunification of the Parthenon Sculptures<\/strong><\/p>\n<p><em>President<\/em>: Professor Louis Godart<\/p>\n<p>Honorary Chair of IARPS<\/p>\n<p>E-mail: <a href=\"mailto:l.godart@uninettunouniverity.net\">l.godart@uninettunouniverity.net<\/a><\/p>\n<p>&nbsp;<\/p>\n<p><strong><em>Luxembourg<\/em><\/strong><\/p>\n<p><strong>Luxembourg Committee for the reunification of the Parthenon sculptures<\/strong><\/p>\n<p><em>Co-Chair<\/em>: Edouard Wolter<\/p>\n<p>E-mail: <a href=\"mailto:edwol@pt.lu\">edwol@pt.lu<\/a><\/p>\n<p><em>Co-chair<\/em>: Fran\u00e7ois Roelants du Vivier<\/p>\n<p>E-mail: <a href=\"mailto:frvivier@me.com\">frvivier@me.com<\/a><\/p>\n<p><em>Contact<\/em>: Edouard Wolter<\/p>\n<p>32, bd. de la Fraternit\u00e9, L-1541 Luxembourg<\/p>\n<p>E-mail: <a href=\"mailto:edwol@pt.lu\">edwol@pt.lu<\/a><\/p>\n<p>Tel.: + 352 481371<\/p>\n<p><em>Facebook Page<\/em>: <a href=\"http:\/\/www.facebook.com\/luxembourgcommitteeforthereunificationoftheparthenonsculptures\">www.facebook.com\/luxembourgcommitteeforthereunificationoftheparthenonsculptures<\/a><\/p>\n<p>&nbsp;<\/p>\n<p><strong><em>New Zealand<\/em><\/strong><\/p>\n<p><strong>International Organizing Committee New Zealand for the Return of the Parthenon Sculptures<\/strong><\/p>\n<p><em>Chair and delegate to IARPS<\/em>: Neove Christoforou<\/p>\n<p>E-mail: <a href=\"mailto:neove.economous@gmail.com\">neove.economous@gmail.com<\/a><\/p>\n<p><strong><em>Russia<\/em><\/strong><\/p>\n<p><strong>Russian Committee for the Return of the Parthenon Marbles<\/strong><\/p>\n<p><em>President<\/em>: Irina Korobina<\/p>\n<p>E-mail: <a href=\"mailto:korobina@mail.ru\">korobina@mail.ru<\/a><\/p>\n<p>Tel.: + 7 967 181 5600<\/p>\n<p>&nbsp;<\/p>\n<p><strong><em>Serbia<\/em><\/strong><\/p>\n<p><strong>Serbian Committee for the Reunification of the Parthenon Sculptures \u201cMelina Merkouri\u201d<\/strong><\/p>\n<p><em>Chair<\/em>: Diogenis Valavanidis<\/p>\n<p>E-mail: <a href=\"mailto:diogenisbeg@yahoo.gr\">diogenisbeg@yahoo.gr<\/a><\/p>\n<p><em>Vice-chair<\/em>: In\u00e8s Misovic-Kljakovic<\/p>\n<p>Treasurer of IARPS<\/p>\n<p>E-mail: <a href=\"mailto:ineskljakovic@gmail.com\">ineskljakovic@gmail.com<\/a><\/p>\n<p>&nbsp;<\/p>\n<p><strong><em>Sweden<\/em><\/strong><\/p>\n<p><strong>Swedish Parthenon Committee<\/strong><\/p>\n<p><em>Chair<\/em>: IngemarLindahl<\/p>\n<p>Former Ambassador of Sweden to Cyprus<\/p>\n<p>E-mail: <a href=\"mailto:ingemarlindahl@yahoo.com\">ingemarlindahl@yahoo.com<\/a><\/p>\n<p><em>Founder &amp; honorary chair<\/em>: Professor Sture Linn\u00e9r<\/p>\n<p><em>Vice-chair<\/em>: Christina von Arbin<\/p>\n<p><em>Website<\/em>: <a href=\"http:\/\/www.svenskaparthenon.se\/\">http:\/\/www.svenskaparthenon.se\/<\/a><\/p>\n<p>&nbsp;<\/p>\n<p><strong><em>Switzerland<\/em><\/strong><\/p>\n<p><strong>Swiss Committee for the Reunification of the Parthenon Marbles \u2013<\/strong><\/p>\n<p><strong>Comit\u00e9 Suisse pour la R\u00e9unification des Marbres du Parth\u00e9non<\/strong><\/p>\n<p><em>President<\/em>: Professor Dusan Sidjanski<\/p>\n<p>E-mail: <a href=\"mailto:ds@dusan-sidjanski.eu\">ds@dusan-sidjanski.eu<\/a><\/p>\n<p><em>Secretary &amp; treasurer<\/em>: Patricia van Gene-Saillet<\/p>\n<p>E-mail: <a href=\"mailto:pvg@dusan-sidjanski.eu\">pvg@dusan-sidjanski.eu<\/a><\/p>\n<p>Tel.: + 41 22 710 66 03<\/p>\n<p><em>Website<\/em>: <a href=\"http:\/\/www.parthenon-suisse.ch\">http:\/\/www.parthenon-suisse.ch<\/a><\/p>\n<p><em>Facebook<\/em>: <a href=\"http:\/\/www.facebook.com\/Parthenon%20Suisse\/\">www.facebook.com\/Parthenon Suisse\/<\/a><\/p>\n<p><em>Twitter<\/em>: @ParthenonSuisse<\/p>\n<p>&nbsp;<\/p>\n<p><strong><em>United Kingdom<\/em><\/strong><\/p>\n<ol>\n<li><strong> British Committee for the Reunification of the Parthenon Marbles (BCRPM)<\/strong><\/li>\n<\/ol>\n<p><em>Chair<\/em>: Dame Janet Suzman<\/p>\n<p>E-mail: <a href=\"mailto:suzcatt@icloud.com\">suzcatt@icloud.com<\/a><\/p>\n<p><em>Vice-chair<\/em>: Professor Paul Cartledge<\/p>\n<p>Vice-president of IARPS<\/p>\n<p>E-mail: <a href=\"mailto:pac1001@cam.ac.uk\">pac1001@cam.ac.uk<\/a><\/p>\n<p><em>Secretariat&amp;contact<\/em>: <a href=\"mailto:info@parthenonuk.com\">info@parthenonuk.com<\/a><\/p>\n<p><em>Website<\/em>: <a href=\"http:\/\/www.parthenonuk.com\">www.parthenonuk.com<\/a><\/p>\n<p><em>Facebook<\/em>: <a href=\"https:\/\/www.facebook.com\/parthenonuk\/\">@parthenonuk<\/a><\/p>\n<p><em>Twitter<\/em>: <a href=\"https:\/\/twitter.com\/BCRPM\">@BCRPM<\/a><\/p>\n<p><em>Instagram<\/em>: <a href=\"https:\/\/www.instagram.com\/reunitetheparthenonmarbles\/?hl=en\">reunitetheparthenonmarbles<\/a><\/p>\n<p>&nbsp;<\/p>\n<p>&nbsp;<\/p>\n<p><strong>2.Marbles Reunited, British Committee for the Reunification of the Parthenon Sculptures (BARPS)<\/strong><\/p>\n<p>Chairman:\u00a0Mr Andrew George<\/p>\n<p>Email:\u00a0\u00a0<a href=\"mailto:andrew@andrewgeorge.org.uk\">andrew@andrewgeorge.org.uk<\/a><\/p>\n<p><em>Vice-Chair:<\/em> Matthew Taylor, (<a href=\"http:\/\/www.elginism.com\/\">Elginism<\/a>)<\/p>\n<p><strong><em>\u00a0<\/em><\/strong><\/p>\n<p><strong><em>USA<\/em><\/strong><\/p>\n<p><strong>Americans for the Return of the Parthenon Sculptures (ARPS)<\/strong><\/p>\n<p><em>Chair<\/em>: LefterisKarmiris<\/p>\n<p>Vice-president of IARPS<\/p>\n<p>E-mail: <a href=\"mailto:lefteris.karmiris@verizon.net\">lefteris.karmiris@verizon.net<\/a><\/p>\n<p><em>S<\/em><em>ecretary<\/em>: BarbaraKakaes<\/p>\n<p>E-mail: <a href=\"mailto:bkakaes@aol.com\">bkakaes@aol.com<\/a><\/p>\n<h4><\/h4>\n","protected":false},"excerpt":{"rendered":"<p>Australia Australian Parthenon Association Inc. President: David Hill Honorary chair-founder of IARPS E-mail: davidhill04@optusnet.com.au Secretary: StergitsaZamagias-Hill E-mail: stegshill3@gmail.com Parthenon Sculptures blog site: http:\/\/parthenonsculptures.blogspot.com\/ International Organizing Committee \u2013 Australia \u2013 for the Restitution of the Parthenon Marbles Inc. (IOC-A-RPM) Founder &amp; chair: Emanuel Comino am Vice president of IARPS E-mail: emanuel@alfainsurance.com.au Secretary: Irene FAROS E-mail: restitutionaustralia@gmail.com [&hellip;]<\/p>\n","protected":false},"author":1,"featured_media":0,"parent":0,"menu_order":0,"comment_status":"closed","ping_status":"closed","template":"","meta":{"footnotes":""},"class_list":["post-5727","page","type-page","status-publish","hentry"],"_links":{"self":[{"href":"https:\/\/melinamercourifoundation.com\/en\/wp-json\/wp\/v2\/pages\/5727","targetHints":{"allow":["GET"]}}],"collection":[{"href":"https:\/\/melinamercourifoundation.com\/en\/wp-json\/wp\/v2\/pages"}],"about":[{"href":"https:\/\/melinamercourifoundation.com\/en\/wp-json\/wp\/v2\/types\/page"}],"author":[{"embeddable":true,"href":"https:\/\/melinamercourifoundation.com\/en\/wp-json\/wp\/v2\/users\/1"}],"replies":[{"embeddable":true,"href":"https:\/\/melinamercourifoundation.com\/en\/wp-json\/wp\/v2\/comments?post=5727"}],"version-history":[{"count":3,"href":"https:\/\/melinamercourifoundation.com\/en\/wp-json\/wp\/v2\/pages\/5727\/revisions"}],"predecessor-version":[{"id":6787,"href":"https:\/\/melinamercourifoundation.com\/en\/wp-json\/wp\/v2\/pages\/5727\/revisions\/6787"}],"wp:attachment":[{"href":"https:\/\/melinamercourifoundation.com\/en\/wp-json\/wp\/v2\/media?parent=5727"}],"curies":[{"name":"wp","href":"https:\/\/api.w.org\/{rel}","templated":true}]}}